{"id":1774,"date":"2023-12-22T20:16:35","date_gmt":"2023-12-22T19:16:35","guid":{"rendered":"https:\/\/alexandrepoenot.com\/?page_id=1774"},"modified":"2023-12-23T12:20:25","modified_gmt":"2023-12-23T11:20:25","slug":"intervention-dans-les-classes-de-hautbois","status":"publish","type":"page","link":"https:\/\/alexandrepoenot.com\/index.php\/intervention-dans-les-classes-de-hautbois\/","title":{"rendered":"Intervention dans les classes de hautbois"},"content":{"rendered":"\n<h1 class=\"wp-block-heading has-text-align-center\">Intervention dans les classes de hautbois<\/h1>\n\n\n\n<hr class=\"wp-block-separator has-alpha-channel-opacity\"\/>\n\n\n\n<div class=\"wp-block-media-text has-media-on-the-right is-stacked-on-mobile is-vertically-aligned-center\"><div class=\"wp-block-media-text__content\">\n<p class=\"has-text-align-center\">Offrez \u00e0 vos \u00e9l\u00e8ves la possibilit\u00e9 d&rsquo;enrichir leur apprentissage musical au sein de votre structure en leur apportant un regard technique sur leur instrument. Cela leur permettra d&rsquo;appr\u00e9hender le hautbois d&rsquo;un point de vue diff\u00e9rent et de d\u00e9velopper des comp\u00e9tences essentielles \u00e0 leur pratique.<\/p>\n\n\n\n<p class=\"has-text-align-center\">En plus des savoirs th\u00e9oriques et des savoir-faire pratiques pr\u00e9sent\u00e9s dans le programme d\u00e9taill\u00e9 qui suit, les stagiaires pourront \u00e9galement d\u00e9couvrir les m\u00e9tiers de la facture instrumentale et d\u00e9velopper un attrait pour l&rsquo;artisanat d&rsquo;exception.<\/p>\n\n\n\n<p class=\"has-text-align-center\">Vous \u00eates int\u00e9ress\u00e9 par une intervention, <a href=\"#contact\"><span style=\"text-decoration: underline;\">contactez-moi<\/span><\/a> afin que je r\u00e9alise un devis \u00e0 pr\u00e9senter \u00e0 votre \u00e9tablissement.<\/p>\n<\/div><figure class=\"wp-block-media-text__media\"><img loading=\"lazy\" decoding=\"async\" width=\"1024\" height=\"768\" src=\"https:\/\/alexandrepoenot.com\/wp-content\/uploads\/2023\/12\/Animation_AFH_2022-1024x768.jpg\" alt=\"Animation d'un atelier AFH 2022\" class=\"wp-image-1802 size-full\" srcset=\"https:\/\/alexandrepoenot.com\/wp-content\/uploads\/2023\/12\/Animation_AFH_2022-1024x768.jpg 1024w, https:\/\/alexandrepoenot.com\/wp-content\/uploads\/2023\/12\/Animation_AFH_2022-300x225.jpg 300w, https:\/\/alexandrepoenot.com\/wp-content\/uploads\/2023\/12\/Animation_AFH_2022-768x576.jpg 768w, https:\/\/alexandrepoenot.com\/wp-content\/uploads\/2023\/12\/Animation_AFH_2022.jpg 1200w\" sizes=\"auto, (max-width: 1024px) 100vw, 1024px\" \/><\/figure><\/div>\n\n\n\n<div class=\"wp-block-buttons is-vertical is-content-justification-center is-layout-flex wp-container-core-buttons-is-layout-1 wp-block-buttons-is-layout-flex\">\n<div class=\"wp-block-button has-custom-width wp-block-button__width-75 has-custom-font-size has-medium-font-size\"><a class=\"wp-block-button__link has-ast-global-color-1-background-color has-background wp-element-button\" href=\"https:\/\/alexandrepoenot.com\/wp-content\/uploads\/2023\/12\/Intervention_structures.pdf\">T\u00e9l\u00e9charger le programme d\u00e9taill\u00e9<\/a><\/div>\n<\/div>\n","protected":false},"excerpt":{"rendered":"<p>Intervention dans les classes de hautbois Offrez \u00e0 vos \u00e9l\u00e8ves la possibilit\u00e9 d&rsquo;enrichir leur apprentissage musical au sein de votre structure en leur apportant un regard technique sur leur instrument. Cela leur permettra d&rsquo;appr\u00e9hender le hautbois d&rsquo;un point de vue diff\u00e9rent et de d\u00e9velopper des comp\u00e9tences essentielles \u00e0 leur pratique. En plus des savoirs th\u00e9oriques [&hellip;]<\/p>\n","protected":false},"author":1,"featured_media":0,"parent":0,"menu_order":0,"comment_status":"closed","ping_status":"closed","template":"","meta":{"site-sidebar-layout":"default","site-content-layout":"","ast-site-content-layout":"default","site-content-style":"default","site-sidebar-style":"default","ast-global-header-display":"","ast-banner-title-visibility":"","ast-main-header-display":"","ast-hfb-above-header-display":"","ast-hfb-below-header-display":"","ast-hfb-mobile-header-display":"","site-post-title":"disabled","ast-breadcrumbs-content":"","ast-featured-img":"","footer-sml-layout":"","theme-transparent-header-meta":"","adv-header-id-meta":"","stick-header-meta":"","header-above-stick-meta":"","header-main-stick-meta":"","header-below-stick-meta":"","astra-migrate-meta-layouts":"set","ast-page-background-enabled":"default","ast-page-background-meta":{"desktop":{"background-color":"var(--ast-global-color-4)","background-image":"","background-repeat":"repeat","background-position":"center center","background-size":"auto","background-attachment":"scroll","background-type":"","background-media":"","overlay-type":"","overlay-color":"","overlay-opacity":"","overlay-gradient":""},"tablet":{"background-color":"","background-image":"","background-repeat":"repeat","background-position":"center center","background-size":"auto","background-attachment":"scroll","background-type":"","background-media":"","overlay-type":"","overlay-color":"","overlay-opacity":"","overlay-gradient":""},"mobile":{"background-color":"","background-image":"","background-repeat":"repeat","background-position":"center center","background-size":"auto","background-attachment":"scroll","background-type":"","background-media":"","overlay-type":"","overlay-color":"","overlay-opacity":"","overlay-gradient":""}},"ast-content-background-meta":{"desktop":{"background-color":"var(--ast-global-color-5)","background-image":"","background-repeat":"repeat","background-position":"center center","background-size":"auto","background-attachment":"scroll","background-type":"","background-media":"","overlay-type":"","overlay-color":"","overlay-opacity":"","overlay-gradient":""},"tablet":{"background-color":"var(--ast-global-color-5)","background-image":"","background-repeat":"repeat","background-position":"center center","background-size":"auto","background-attachment":"scroll","background-type":"","background-media":"","overlay-type":"","overlay-color":"","overlay-opacity":"","overlay-gradient":""},"mobile":{"background-color":"var(--ast-global-color-5)","background-image":"","background-repeat":"repeat","background-position":"center center","background-size":"auto","background-attachment":"scroll","background-type":"","background-media":"","overlay-type":"","overlay-color":"","overlay-opacity":"","overlay-gradient":""}},"footnotes":""},"class_list":["post-1774","page","type-page","status-publish","hentry"],"yoast_head":"<!-- This site is optimized with the Yoast SEO plugin v24.0 - https:\/\/yoast.com\/wordpress\/plugins\/seo\/ -->\n<title>Intervention dans les classes de hautbois - Alexandre Po\u00e9not<\/title>\n<meta name=\"description\" content=\"Offrez \u00e0 vos \u00e9l\u00e8ves la possibilit\u00e9 d&#039;enrichir leur apprentissage musical au sein de votre structure en leur apportant un regard technique sur leur instrument.\" \/>\n<meta name=\"robots\" content=\"index, follow, max-snippet:-1, max-image-preview:large, max-video-preview:-1\" \/>\n<link rel=\"canonical\" href=\"https:\/\/alexandrepoenot.com\/index.php\/intervention-dans-les-classes-de-hautbois\/\" \/>\n<meta property=\"og:locale\" content=\"fr_FR\" \/>\n<meta property=\"og:type\" content=\"article\" \/>\n<meta property=\"og:title\" content=\"Intervention dans les classes de hautbois - Alexandre Po\u00e9not\" \/>\n<meta property=\"og:description\" content=\"Offrez \u00e0 vos \u00e9l\u00e8ves la possibilit\u00e9 d&#039;enrichir leur apprentissage musical au sein de votre structure en leur apportant un regard technique sur leur instrument.\" \/>\n<meta property=\"og:url\" content=\"https:\/\/alexandrepoenot.com\/index.php\/intervention-dans-les-classes-de-hautbois\/\" \/>\n<meta property=\"og:site_name\" content=\"Alexandre Po\u00e9not\" \/>\n<meta property=\"article:publisher\" content=\"https:\/\/www.facebook.com\/alexandrepoenot\" \/>\n<meta property=\"article:modified_time\" content=\"2023-12-23T11:20:25+00:00\" \/>\n<meta property=\"og:image\" content=\"https:\/\/alexandrepoenot.com\/wp-content\/uploads\/2023\/12\/Animation_AFH_2022-1024x768.jpg\" \/>\n<meta name=\"twitter:card\" content=\"summary_large_image\" \/>\n<meta name=\"twitter:label1\" content=\"Dur\u00e9e de lecture estim\u00e9e\" \/>\n\t<meta name=\"twitter:data1\" content=\"1 minute\" \/>\n<script type=\"application\/ld+json\" class=\"yoast-schema-graph\">{\"@context\":\"https:\/\/schema.org\",\"@graph\":[{\"@type\":\"WebPage\",\"@id\":\"https:\/\/alexandrepoenot.com\/index.php\/intervention-dans-les-classes-de-hautbois\/\",\"url\":\"https:\/\/alexandrepoenot.com\/index.php\/intervention-dans-les-classes-de-hautbois\/\",\"name\":\"Intervention dans les classes de hautbois - Alexandre Po\u00e9not\",\"isPartOf\":{\"@id\":\"https:\/\/alexandrepoenot.com\/#website\"},\"primaryImageOfPage\":{\"@id\":\"https:\/\/alexandrepoenot.com\/index.php\/intervention-dans-les-classes-de-hautbois\/#primaryimage\"},\"image\":{\"@id\":\"https:\/\/alexandrepoenot.com\/index.php\/intervention-dans-les-classes-de-hautbois\/#primaryimage\"},\"thumbnailUrl\":\"https:\/\/alexandrepoenot.com\/wp-content\/uploads\/2023\/12\/Animation_AFH_2022-1024x768.jpg\",\"datePublished\":\"2023-12-22T19:16:35+00:00\",\"dateModified\":\"2023-12-23T11:20:25+00:00\",\"description\":\"Offrez \u00e0 vos \u00e9l\u00e8ves la possibilit\u00e9 d'enrichir leur apprentissage musical au sein de votre structure en leur apportant un regard technique sur leur instrument.\",\"breadcrumb\":{\"@id\":\"https:\/\/alexandrepoenot.com\/index.php\/intervention-dans-les-classes-de-hautbois\/#breadcrumb\"},\"inLanguage\":\"fr-FR\",\"potentialAction\":[{\"@type\":\"ReadAction\",\"target\":[\"https:\/\/alexandrepoenot.com\/index.php\/intervention-dans-les-classes-de-hautbois\/\"]}]},{\"@type\":\"ImageObject\",\"inLanguage\":\"fr-FR\",\"@id\":\"https:\/\/alexandrepoenot.com\/index.php\/intervention-dans-les-classes-de-hautbois\/#primaryimage\",\"url\":\"https:\/\/alexandrepoenot.com\/wp-content\/uploads\/2023\/12\/Animation_AFH_2022.jpg\",\"contentUrl\":\"https:\/\/alexandrepoenot.com\/wp-content\/uploads\/2023\/12\/Animation_AFH_2022.jpg\",\"width\":1200,\"height\":900},{\"@type\":\"BreadcrumbList\",\"@id\":\"https:\/\/alexandrepoenot.com\/index.php\/intervention-dans-les-classes-de-hautbois\/#breadcrumb\",\"itemListElement\":[{\"@type\":\"ListItem\",\"position\":1,\"name\":\"Accueil\",\"item\":\"https:\/\/alexandrepoenot.com\/\"},{\"@type\":\"ListItem\",\"position\":2,\"name\":\"Intervention dans les classes de hautbois\"}]},{\"@type\":\"WebSite\",\"@id\":\"https:\/\/alexandrepoenot.com\/#website\",\"url\":\"https:\/\/alexandrepoenot.com\/\",\"name\":\"Alexandre Po\u00e9not\",\"description\":\"Sp\u00e9cialiste du hautbois \u00e0 Laval\",\"publisher\":{\"@id\":\"https:\/\/alexandrepoenot.com\/#organization\"},\"potentialAction\":[{\"@type\":\"SearchAction\",\"target\":{\"@type\":\"EntryPoint\",\"urlTemplate\":\"https:\/\/alexandrepoenot.com\/?s={search_term_string}\"},\"query-input\":{\"@type\":\"PropertyValueSpecification\",\"valueRequired\":true,\"valueName\":\"search_term_string\"}}],\"inLanguage\":\"fr-FR\"},{\"@type\":\"Organization\",\"@id\":\"https:\/\/alexandrepoenot.com\/#organization\",\"name\":\"Alexandre Po\u00e9not\",\"url\":\"https:\/\/alexandrepoenot.com\/\",\"logo\":{\"@type\":\"ImageObject\",\"inLanguage\":\"fr-FR\",\"@id\":\"https:\/\/alexandrepoenot.com\/#\/schema\/logo\/image\/\",\"url\":\"https:\/\/alexandrepoenot.com\/wp-content\/uploads\/2025\/01\/cropped-logo_V2_900.png\",\"contentUrl\":\"https:\/\/alexandrepoenot.com\/wp-content\/uploads\/2025\/01\/cropped-logo_V2_900.png\",\"width\":898,\"height\":899,\"caption\":\"Alexandre Po\u00e9not\"},\"image\":{\"@id\":\"https:\/\/alexandrepoenot.com\/#\/schema\/logo\/image\/\"},\"sameAs\":[\"https:\/\/www.facebook.com\/alexandrepoenot\",\"https:\/\/www.instagram.com\/alexandrepoenot\/\"]}]}<\/script>\n<!-- \/ Yoast SEO plugin. -->","yoast_head_json":{"title":"Intervention dans les classes de hautbois - Alexandre Po\u00e9not","description":"Offrez \u00e0 vos \u00e9l\u00e8ves la possibilit\u00e9 d'enrichir leur apprentissage musical au sein de votre structure en leur apportant un regard technique sur leur instrument.","robots":{"index":"index","follow":"follow","max-snippet":"max-snippet:-1","max-image-preview":"max-image-preview:large","max-video-preview":"max-video-preview:-1"},"canonical":"https:\/\/alexandrepoenot.com\/index.php\/intervention-dans-les-classes-de-hautbois\/","og_locale":"fr_FR","og_type":"article","og_title":"Intervention dans les classes de hautbois - Alexandre Po\u00e9not","og_description":"Offrez \u00e0 vos \u00e9l\u00e8ves la possibilit\u00e9 d'enrichir leur apprentissage musical au sein de votre structure en leur apportant un regard technique sur leur instrument.","og_url":"https:\/\/alexandrepoenot.com\/index.php\/intervention-dans-les-classes-de-hautbois\/","og_site_name":"Alexandre Po\u00e9not","article_publisher":"https:\/\/www.facebook.com\/alexandrepoenot","article_modified_time":"2023-12-23T11:20:25+00:00","og_image":[{"url":"https:\/\/alexandrepoenot.com\/wp-content\/uploads\/2023\/12\/Animation_AFH_2022-1024x768.jpg","type":"","width":"","height":""}],"twitter_card":"summary_large_image","twitter_misc":{"Dur\u00e9e de lecture estim\u00e9e":"1 minute"},"schema":{"@context":"https:\/\/schema.org","@graph":[{"@type":"WebPage","@id":"https:\/\/alexandrepoenot.com\/index.php\/intervention-dans-les-classes-de-hautbois\/","url":"https:\/\/alexandrepoenot.com\/index.php\/intervention-dans-les-classes-de-hautbois\/","name":"Intervention dans les classes de hautbois - Alexandre Po\u00e9not","isPartOf":{"@id":"https:\/\/alexandrepoenot.com\/#website"},"primaryImageOfPage":{"@id":"https:\/\/alexandrepoenot.com\/index.php\/intervention-dans-les-classes-de-hautbois\/#primaryimage"},"image":{"@id":"https:\/\/alexandrepoenot.com\/index.php\/intervention-dans-les-classes-de-hautbois\/#primaryimage"},"thumbnailUrl":"https:\/\/alexandrepoenot.com\/wp-content\/uploads\/2023\/12\/Animation_AFH_2022-1024x768.jpg","datePublished":"2023-12-22T19:16:35+00:00","dateModified":"2023-12-23T11:20:25+00:00","description":"Offrez \u00e0 vos \u00e9l\u00e8ves la possibilit\u00e9 d'enrichir leur apprentissage musical au sein de votre structure en leur apportant un regard technique sur leur instrument.","breadcrumb":{"@id":"https:\/\/alexandrepoenot.com\/index.php\/intervention-dans-les-classes-de-hautbois\/#breadcrumb"},"inLanguage":"fr-FR","potentialAction":[{"@type":"ReadAction","target":["https:\/\/alexandrepoenot.com\/index.php\/intervention-dans-les-classes-de-hautbois\/"]}]},{"@type":"ImageObject","inLanguage":"fr-FR","@id":"https:\/\/alexandrepoenot.com\/index.php\/intervention-dans-les-classes-de-hautbois\/#primaryimage","url":"https:\/\/alexandrepoenot.com\/wp-content\/uploads\/2023\/12\/Animation_AFH_2022.jpg","contentUrl":"https:\/\/alexandrepoenot.com\/wp-content\/uploads\/2023\/12\/Animation_AFH_2022.jpg","width":1200,"height":900},{"@type":"BreadcrumbList","@id":"https:\/\/alexandrepoenot.com\/index.php\/intervention-dans-les-classes-de-hautbois\/#breadcrumb","itemListElement":[{"@type":"ListItem","position":1,"name":"Accueil","item":"https:\/\/alexandrepoenot.com\/"},{"@type":"ListItem","position":2,"name":"Intervention dans les classes de hautbois"}]},{"@type":"WebSite","@id":"https:\/\/alexandrepoenot.com\/#website","url":"https:\/\/alexandrepoenot.com\/","name":"Alexandre Po\u00e9not","description":"Sp\u00e9cialiste du hautbois \u00e0 Laval","publisher":{"@id":"https:\/\/alexandrepoenot.com\/#organization"},"potentialAction":[{"@type":"SearchAction","target":{"@type":"EntryPoint","urlTemplate":"https:\/\/alexandrepoenot.com\/?s={search_term_string}"},"query-input":{"@type":"PropertyValueSpecification","valueRequired":true,"valueName":"search_term_string"}}],"inLanguage":"fr-FR"},{"@type":"Organization","@id":"https:\/\/alexandrepoenot.com\/#organization","name":"Alexandre Po\u00e9not","url":"https:\/\/alexandrepoenot.com\/","logo":{"@type":"ImageObject","inLanguage":"fr-FR","@id":"https:\/\/alexandrepoenot.com\/#\/schema\/logo\/image\/","url":"https:\/\/alexandrepoenot.com\/wp-content\/uploads\/2025\/01\/cropped-logo_V2_900.png","contentUrl":"https:\/\/alexandrepoenot.com\/wp-content\/uploads\/2025\/01\/cropped-logo_V2_900.png","width":898,"height":899,"caption":"Alexandre Po\u00e9not"},"image":{"@id":"https:\/\/alexandrepoenot.com\/#\/schema\/logo\/image\/"},"sameAs":["https:\/\/www.facebook.com\/alexandrepoenot","https:\/\/www.instagram.com\/alexandrepoenot\/"]}]}},"jetpack_sharing_enabled":true,"_links":{"self":[{"href":"https:\/\/alexandrepoenot.com\/index.php\/wp-json\/wp\/v2\/pages\/1774","targetHints":{"allow":["GET"]}}],"collection":[{"href":"https:\/\/alexandrepoenot.com\/index.php\/wp-json\/wp\/v2\/pages"}],"about":[{"href":"https:\/\/alexandrepoenot.com\/index.php\/wp-json\/wp\/v2\/types\/page"}],"author":[{"embeddable":true,"href":"https:\/\/alexandrepoenot.com\/index.php\/wp-json\/wp\/v2\/users\/1"}],"replies":[{"embeddable":true,"href":"https:\/\/alexandrepoenot.com\/index.php\/wp-json\/wp\/v2\/comments?post=1774"}],"version-history":[{"count":10,"href":"https:\/\/alexandrepoenot.com\/index.php\/wp-json\/wp\/v2\/pages\/1774\/revisions"}],"predecessor-version":[{"id":1819,"href":"https:\/\/alexandrepoenot.com\/index.php\/wp-json\/wp\/v2\/pages\/1774\/revisions\/1819"}],"wp:attachment":[{"href":"https:\/\/alexandrepoenot.com\/index.php\/wp-json\/wp\/v2\/media?parent=1774"}],"curies":[{"name":"wp","href":"https:\/\/api.w.org\/{rel}","templated":true}]}}