{"id":1785,"date":"2023-12-22T20:29:29","date_gmt":"2023-12-22T19:29:29","guid":{"rendered":"https:\/\/alexandrepoenot.com\/?page_id=1785"},"modified":"2023-12-23T12:20:30","modified_gmt":"2023-12-23T11:20:30","slug":"journees-reparation","status":"publish","type":"page","link":"https:\/\/alexandrepoenot.com\/index.php\/journees-reparation\/","title":{"rendered":"Journ\u00e9es r\u00e9paration"},"content":{"rendered":"\n<h1 class=\"wp-block-heading has-text-align-center\">Journ\u00e9es r\u00e9paration<\/h1>\n\n\n\n<hr class=\"wp-block-separator has-alpha-channel-opacity\"\/>\n\n\n\n<div class=\"wp-block-media-text has-media-on-the-right is-stacked-on-mobile is-vertically-aligned-center\"><div class=\"wp-block-media-text__content\">\n<p class=\"has-text-align-center\">Pour \u00e9viter \u00e0 vos \u00e9l\u00e8ves de se d\u00e9placer \u00e0 l\u2019atelier, je vous propose de me rendre directement dans votre structure, pour r\u00e9aliser le suivi technique des instruments, ainsi que des r\u00e9parations usuelles. Il va de soi que je ne pourrais pas r\u00e9aliser l\u2019int\u00e9gralit\u00e9 des op\u00e9rations techniques sur place, mais il sera tout \u00e0 fait possible de prendre rendez-vous pour une r\u00e9paration plus importante \u00e0 l\u2019atelier. <\/p>\n\n\n\n<p class=\"has-text-align-center\">Les conditions de prestations de services (tarifs, facturations\u2026) seront les m\u00eames que celles appliqu\u00e9es \u00e0 l\u2019atelier.&nbsp;<\/p>\n\n\n\n<p class=\"has-text-align-center\">Vous souhaitez organiser une journ\u00e9e r\u00e9paration au sein de votre structure, <a href=\"#contact\"><span style=\"text-decoration: underline;\">contactez-moi<\/span><\/a> !<\/p>\n<\/div><figure class=\"wp-block-media-text__media\"><img loading=\"lazy\" decoding=\"async\" width=\"1024\" height=\"683\" src=\"https:\/\/alexandrepoenot.com\/wp-content\/uploads\/2023\/12\/stand_poitier_crop-1024x683.jpeg\" alt=\"\" class=\"wp-image-1788 size-full\" srcset=\"https:\/\/alexandrepoenot.com\/wp-content\/uploads\/2023\/12\/stand_poitier_crop-1024x683.jpeg 1024w, https:\/\/alexandrepoenot.com\/wp-content\/uploads\/2023\/12\/stand_poitier_crop-300x200.jpeg 300w, https:\/\/alexandrepoenot.com\/wp-content\/uploads\/2023\/12\/stand_poitier_crop-768x512.jpeg 768w, https:\/\/alexandrepoenot.com\/wp-content\/uploads\/2023\/12\/stand_poitier_crop.jpeg 1269w\" sizes=\"auto, (max-width: 1024px) 100vw, 1024px\" \/><\/figure><\/div>\n","protected":false},"excerpt":{"rendered":"<p>Journ\u00e9es r\u00e9paration Pour \u00e9viter \u00e0 vos \u00e9l\u00e8ves de se d\u00e9placer \u00e0 l\u2019atelier, je vous propose de me rendre directement dans votre structure, pour r\u00e9aliser le suivi technique des instruments, ainsi que des r\u00e9parations usuelles. Il va de soi que je ne pourrais pas r\u00e9aliser l\u2019int\u00e9gralit\u00e9 des op\u00e9rations techniques sur place, mais il sera tout \u00e0 [&hellip;]<\/p>\n","protected":false},"author":1,"featured_media":0,"parent":0,"menu_order":0,"comment_status":"closed","ping_status":"closed","template":"","meta":{"site-sidebar-layout":"default","site-content-layout":"","ast-site-content-layout":"default","site-content-style":"default","site-sidebar-style":"default","ast-global-header-display":"","ast-banner-title-visibility":"","ast-main-header-display":"","ast-hfb-above-header-display":"","ast-hfb-below-header-display":"","ast-hfb-mobile-header-display":"","site-post-title":"disabled","ast-breadcrumbs-content":"","ast-featured-img":"","footer-sml-layout":"","theme-transparent-header-meta":"","adv-header-id-meta":"","stick-header-meta":"","header-above-stick-meta":"","header-main-stick-meta":"","header-below-stick-meta":"","astra-migrate-meta-layouts":"set","ast-page-background-enabled":"default","ast-page-background-meta":{"desktop":{"background-color":"var(--ast-global-color-4)","background-image":"","background-repeat":"repeat","background-position":"center center","background-size":"auto","background-attachment":"scroll","background-type":"","background-media":"","overlay-type":"","overlay-color":"","overlay-opacity":"","overlay-gradient":""},"tablet":{"background-color":"","background-image":"","background-repeat":"repeat","background-position":"center center","background-size":"auto","background-attachment":"scroll","background-type":"","background-media":"","overlay-type":"","overlay-color":"","overlay-opacity":"","overlay-gradient":""},"mobile":{"background-color":"","background-image":"","background-repeat":"repeat","background-position":"center center","background-size":"auto","background-attachment":"scroll","background-type":"","background-media":"","overlay-type":"","overlay-color":"","overlay-opacity":"","overlay-gradient":""}},"ast-content-background-meta":{"desktop":{"background-color":"var(--ast-global-color-5)","background-image":"","background-repeat":"repeat","background-position":"center center","background-size":"auto","background-attachment":"scroll","background-type":"","background-media":"","overlay-type":"","overlay-color":"","overlay-opacity":"","overlay-gradient":""},"tablet":{"background-color":"var(--ast-global-color-5)","background-image":"","background-repeat":"repeat","background-position":"center center","background-size":"auto","background-attachment":"scroll","background-type":"","background-media":"","overlay-type":"","overlay-color":"","overlay-opacity":"","overlay-gradient":""},"mobile":{"background-color":"var(--ast-global-color-5)","background-image":"","background-repeat":"repeat","background-position":"center center","background-size":"auto","background-attachment":"scroll","background-type":"","background-media":"","overlay-type":"","overlay-color":"","overlay-opacity":"","overlay-gradient":""}},"footnotes":""},"class_list":["post-1785","page","type-page","status-publish","hentry"],"yoast_head":"<!-- This site is optimized with the Yoast SEO plugin v24.0 - https:\/\/yoast.com\/wordpress\/plugins\/seo\/ -->\n<title>Journ\u00e9es r\u00e9paration - Alexandre Po\u00e9not<\/title>\n<meta name=\"description\" content=\"Pour \u00e9viter \u00e0 vos \u00e9l\u00e8ves de se d\u00e9placer \u00e0 l\u2019atelier, je vous propose de me rendre directement dans votre structure, pour r\u00e9aliser le suivi technique des instruments, ainsi que des r\u00e9parations usuelles.\" \/>\n<meta name=\"robots\" content=\"index, follow, max-snippet:-1, max-image-preview:large, max-video-preview:-1\" \/>\n<link rel=\"canonical\" href=\"https:\/\/alexandrepoenot.com\/index.php\/journees-reparation\/\" \/>\n<meta property=\"og:locale\" content=\"fr_FR\" \/>\n<meta property=\"og:type\" content=\"article\" \/>\n<meta property=\"og:title\" content=\"Journ\u00e9es r\u00e9paration - Alexandre Po\u00e9not\" \/>\n<meta property=\"og:description\" content=\"Pour \u00e9viter \u00e0 vos \u00e9l\u00e8ves de se d\u00e9placer \u00e0 l\u2019atelier, je vous propose de me rendre directement dans votre structure, pour r\u00e9aliser le suivi technique des instruments, ainsi que des r\u00e9parations usuelles.\" \/>\n<meta property=\"og:url\" content=\"https:\/\/alexandrepoenot.com\/index.php\/journees-reparation\/\" \/>\n<meta property=\"og:site_name\" content=\"Alexandre Po\u00e9not\" \/>\n<meta property=\"article:publisher\" content=\"https:\/\/www.facebook.com\/alexandrepoenot\" \/>\n<meta property=\"article:modified_time\" content=\"2023-12-23T11:20:30+00:00\" \/>\n<meta property=\"og:image\" content=\"https:\/\/alexandrepoenot.com\/wp-content\/uploads\/2023\/12\/stand_poitier_crop-1024x683.jpeg\" \/>\n<meta name=\"twitter:card\" content=\"summary_large_image\" \/>\n<meta name=\"twitter:label1\" content=\"Dur\u00e9e de lecture estim\u00e9e\" \/>\n\t<meta name=\"twitter:data1\" content=\"1 minute\" \/>\n<script type=\"application\/ld+json\" class=\"yoast-schema-graph\">{\"@context\":\"https:\/\/schema.org\",\"@graph\":[{\"@type\":\"WebPage\",\"@id\":\"https:\/\/alexandrepoenot.com\/index.php\/journees-reparation\/\",\"url\":\"https:\/\/alexandrepoenot.com\/index.php\/journees-reparation\/\",\"name\":\"Journ\u00e9es r\u00e9paration - Alexandre Po\u00e9not\",\"isPartOf\":{\"@id\":\"https:\/\/alexandrepoenot.com\/#website\"},\"primaryImageOfPage\":{\"@id\":\"https:\/\/alexandrepoenot.com\/index.php\/journees-reparation\/#primaryimage\"},\"image\":{\"@id\":\"https:\/\/alexandrepoenot.com\/index.php\/journees-reparation\/#primaryimage\"},\"thumbnailUrl\":\"https:\/\/alexandrepoenot.com\/wp-content\/uploads\/2023\/12\/stand_poitier_crop-1024x683.jpeg\",\"datePublished\":\"2023-12-22T19:29:29+00:00\",\"dateModified\":\"2023-12-23T11:20:30+00:00\",\"description\":\"Pour \u00e9viter \u00e0 vos \u00e9l\u00e8ves de se d\u00e9placer \u00e0 l\u2019atelier, je vous propose de me rendre directement dans votre structure, pour r\u00e9aliser le suivi technique des instruments, ainsi que des r\u00e9parations usuelles.\",\"breadcrumb\":{\"@id\":\"https:\/\/alexandrepoenot.com\/index.php\/journees-reparation\/#breadcrumb\"},\"inLanguage\":\"fr-FR\",\"potentialAction\":[{\"@type\":\"ReadAction\",\"target\":[\"https:\/\/alexandrepoenot.com\/index.php\/journees-reparation\/\"]}]},{\"@type\":\"ImageObject\",\"inLanguage\":\"fr-FR\",\"@id\":\"https:\/\/alexandrepoenot.com\/index.php\/journees-reparation\/#primaryimage\",\"url\":\"https:\/\/alexandrepoenot.com\/wp-content\/uploads\/2023\/12\/stand_poitier_crop.jpeg\",\"contentUrl\":\"https:\/\/alexandrepoenot.com\/wp-content\/uploads\/2023\/12\/stand_poitier_crop.jpeg\",\"width\":1269,\"height\":846,\"caption\":\"Stand AFH 2022\"},{\"@type\":\"BreadcrumbList\",\"@id\":\"https:\/\/alexandrepoenot.com\/index.php\/journees-reparation\/#breadcrumb\",\"itemListElement\":[{\"@type\":\"ListItem\",\"position\":1,\"name\":\"Accueil\",\"item\":\"https:\/\/alexandrepoenot.com\/\"},{\"@type\":\"ListItem\",\"position\":2,\"name\":\"Journ\u00e9es r\u00e9paration\"}]},{\"@type\":\"WebSite\",\"@id\":\"https:\/\/alexandrepoenot.com\/#website\",\"url\":\"https:\/\/alexandrepoenot.com\/\",\"name\":\"Alexandre Po\u00e9not\",\"description\":\"Sp\u00e9cialiste du hautbois \u00e0 Laval\",\"publisher\":{\"@id\":\"https:\/\/alexandrepoenot.com\/#organization\"},\"potentialAction\":[{\"@type\":\"SearchAction\",\"target\":{\"@type\":\"EntryPoint\",\"urlTemplate\":\"https:\/\/alexandrepoenot.com\/?s={search_term_string}\"},\"query-input\":{\"@type\":\"PropertyValueSpecification\",\"valueRequired\":true,\"valueName\":\"search_term_string\"}}],\"inLanguage\":\"fr-FR\"},{\"@type\":\"Organization\",\"@id\":\"https:\/\/alexandrepoenot.com\/#organization\",\"name\":\"Alexandre Po\u00e9not\",\"url\":\"https:\/\/alexandrepoenot.com\/\",\"logo\":{\"@type\":\"ImageObject\",\"inLanguage\":\"fr-FR\",\"@id\":\"https:\/\/alexandrepoenot.com\/#\/schema\/logo\/image\/\",\"url\":\"https:\/\/alexandrepoenot.com\/wp-content\/uploads\/2025\/01\/cropped-logo_V2_900.png\",\"contentUrl\":\"https:\/\/alexandrepoenot.com\/wp-content\/uploads\/2025\/01\/cropped-logo_V2_900.png\",\"width\":898,\"height\":899,\"caption\":\"Alexandre Po\u00e9not\"},\"image\":{\"@id\":\"https:\/\/alexandrepoenot.com\/#\/schema\/logo\/image\/\"},\"sameAs\":[\"https:\/\/www.facebook.com\/alexandrepoenot\",\"https:\/\/www.instagram.com\/alexandrepoenot\/\"]}]}<\/script>\n<!-- \/ Yoast SEO plugin. -->","yoast_head_json":{"title":"Journ\u00e9es r\u00e9paration - Alexandre Po\u00e9not","description":"Pour \u00e9viter \u00e0 vos \u00e9l\u00e8ves de se d\u00e9placer \u00e0 l\u2019atelier, je vous propose de me rendre directement dans votre structure, pour r\u00e9aliser le suivi technique des instruments, ainsi que des r\u00e9parations usuelles.","robots":{"index":"index","follow":"follow","max-snippet":"max-snippet:-1","max-image-preview":"max-image-preview:large","max-video-preview":"max-video-preview:-1"},"canonical":"https:\/\/alexandrepoenot.com\/index.php\/journees-reparation\/","og_locale":"fr_FR","og_type":"article","og_title":"Journ\u00e9es r\u00e9paration - Alexandre Po\u00e9not","og_description":"Pour \u00e9viter \u00e0 vos \u00e9l\u00e8ves de se d\u00e9placer \u00e0 l\u2019atelier, je vous propose de me rendre directement dans votre structure, pour r\u00e9aliser le suivi technique des instruments, ainsi que des r\u00e9parations usuelles.","og_url":"https:\/\/alexandrepoenot.com\/index.php\/journees-reparation\/","og_site_name":"Alexandre Po\u00e9not","article_publisher":"https:\/\/www.facebook.com\/alexandrepoenot","article_modified_time":"2023-12-23T11:20:30+00:00","og_image":[{"url":"https:\/\/alexandrepoenot.com\/wp-content\/uploads\/2023\/12\/stand_poitier_crop-1024x683.jpeg","type":"","width":"","height":""}],"twitter_card":"summary_large_image","twitter_misc":{"Dur\u00e9e de lecture estim\u00e9e":"1 minute"},"schema":{"@context":"https:\/\/schema.org","@graph":[{"@type":"WebPage","@id":"https:\/\/alexandrepoenot.com\/index.php\/journees-reparation\/","url":"https:\/\/alexandrepoenot.com\/index.php\/journees-reparation\/","name":"Journ\u00e9es r\u00e9paration - Alexandre Po\u00e9not","isPartOf":{"@id":"https:\/\/alexandrepoenot.com\/#website"},"primaryImageOfPage":{"@id":"https:\/\/alexandrepoenot.com\/index.php\/journees-reparation\/#primaryimage"},"image":{"@id":"https:\/\/alexandrepoenot.com\/index.php\/journees-reparation\/#primaryimage"},"thumbnailUrl":"https:\/\/alexandrepoenot.com\/wp-content\/uploads\/2023\/12\/stand_poitier_crop-1024x683.jpeg","datePublished":"2023-12-22T19:29:29+00:00","dateModified":"2023-12-23T11:20:30+00:00","description":"Pour \u00e9viter \u00e0 vos \u00e9l\u00e8ves de se d\u00e9placer \u00e0 l\u2019atelier, je vous propose de me rendre directement dans votre structure, pour r\u00e9aliser le suivi technique des instruments, ainsi que des r\u00e9parations usuelles.","breadcrumb":{"@id":"https:\/\/alexandrepoenot.com\/index.php\/journees-reparation\/#breadcrumb"},"inLanguage":"fr-FR","potentialAction":[{"@type":"ReadAction","target":["https:\/\/alexandrepoenot.com\/index.php\/journees-reparation\/"]}]},{"@type":"ImageObject","inLanguage":"fr-FR","@id":"https:\/\/alexandrepoenot.com\/index.php\/journees-reparation\/#primaryimage","url":"https:\/\/alexandrepoenot.com\/wp-content\/uploads\/2023\/12\/stand_poitier_crop.jpeg","contentUrl":"https:\/\/alexandrepoenot.com\/wp-content\/uploads\/2023\/12\/stand_poitier_crop.jpeg","width":1269,"height":846,"caption":"Stand AFH 2022"},{"@type":"BreadcrumbList","@id":"https:\/\/alexandrepoenot.com\/index.php\/journees-reparation\/#breadcrumb","itemListElement":[{"@type":"ListItem","position":1,"name":"Accueil","item":"https:\/\/alexandrepoenot.com\/"},{"@type":"ListItem","position":2,"name":"Journ\u00e9es r\u00e9paration"}]},{"@type":"WebSite","@id":"https:\/\/alexandrepoenot.com\/#website","url":"https:\/\/alexandrepoenot.com\/","name":"Alexandre Po\u00e9not","description":"Sp\u00e9cialiste du hautbois \u00e0 Laval","publisher":{"@id":"https:\/\/alexandrepoenot.com\/#organization"},"potentialAction":[{"@type":"SearchAction","target":{"@type":"EntryPoint","urlTemplate":"https:\/\/alexandrepoenot.com\/?s={search_term_string}"},"query-input":{"@type":"PropertyValueSpecification","valueRequired":true,"valueName":"search_term_string"}}],"inLanguage":"fr-FR"},{"@type":"Organization","@id":"https:\/\/alexandrepoenot.com\/#organization","name":"Alexandre Po\u00e9not","url":"https:\/\/alexandrepoenot.com\/","logo":{"@type":"ImageObject","inLanguage":"fr-FR","@id":"https:\/\/alexandrepoenot.com\/#\/schema\/logo\/image\/","url":"https:\/\/alexandrepoenot.com\/wp-content\/uploads\/2025\/01\/cropped-logo_V2_900.png","contentUrl":"https:\/\/alexandrepoenot.com\/wp-content\/uploads\/2025\/01\/cropped-logo_V2_900.png","width":898,"height":899,"caption":"Alexandre Po\u00e9not"},"image":{"@id":"https:\/\/alexandrepoenot.com\/#\/schema\/logo\/image\/"},"sameAs":["https:\/\/www.facebook.com\/alexandrepoenot","https:\/\/www.instagram.com\/alexandrepoenot\/"]}]}},"jetpack_sharing_enabled":true,"_links":{"self":[{"href":"https:\/\/alexandrepoenot.com\/index.php\/wp-json\/wp\/v2\/pages\/1785","targetHints":{"allow":["GET"]}}],"collection":[{"href":"https:\/\/alexandrepoenot.com\/index.php\/wp-json\/wp\/v2\/pages"}],"about":[{"href":"https:\/\/alexandrepoenot.com\/index.php\/wp-json\/wp\/v2\/types\/page"}],"author":[{"embeddable":true,"href":"https:\/\/alexandrepoenot.com\/index.php\/wp-json\/wp\/v2\/users\/1"}],"replies":[{"embeddable":true,"href":"https:\/\/alexandrepoenot.com\/index.php\/wp-json\/wp\/v2\/comments?post=1785"}],"version-history":[{"count":6,"href":"https:\/\/alexandrepoenot.com\/index.php\/wp-json\/wp\/v2\/pages\/1785\/revisions"}],"predecessor-version":[{"id":1820,"href":"https:\/\/alexandrepoenot.com\/index.php\/wp-json\/wp\/v2\/pages\/1785\/revisions\/1820"}],"wp:attachment":[{"href":"https:\/\/alexandrepoenot.com\/index.php\/wp-json\/wp\/v2\/media?parent=1785"}],"curies":[{"name":"wp","href":"https:\/\/api.w.org\/{rel}","templated":true}]}}