{"id":1831,"date":"2026-03-13T16:41:30","date_gmt":"2026-03-13T15:41:30","guid":{"rendered":"https:\/\/alexandrepoenot.com\/?page_id=1831"},"modified":"2026-03-13T16:41:32","modified_gmt":"2026-03-13T15:41:32","slug":"clarinettes-et-bassons","status":"publish","type":"page","link":"https:\/\/alexandrepoenot.com\/","title":{"rendered":"Clarinettes et bassons"},"content":{"rendered":"\n<h2 class=\"wp-block-heading alignwide has-text-align-center\">Nouveaut\u00e9 \u00e0 l&rsquo;atelier !<\/h2>\n\n\n\n<figure class=\"wp-block-image aligncenter size-full\"><img loading=\"lazy\" decoding=\"async\" width=\"638\" height=\"892\" src=\"https:\/\/alexandrepoenot.com\/wp-content\/uploads\/2026\/03\/Copie-de-Soccupe-maintenant-de-vos-Clarinettes-et-Bassons.png\" alt=\"L'atelier prend aussi en charge vos clarinettes et bassons.\" class=\"wp-image-1832\" srcset=\"https:\/\/alexandrepoenot.com\/wp-content\/uploads\/2026\/03\/Copie-de-Soccupe-maintenant-de-vos-Clarinettes-et-Bassons.png 638w, https:\/\/alexandrepoenot.com\/wp-content\/uploads\/2026\/03\/Copie-de-Soccupe-maintenant-de-vos-Clarinettes-et-Bassons-215x300.png 215w\" sizes=\"auto, (max-width: 638px) 100vw, 638px\" \/><\/figure>\n\n\n\n<p><\/p>\n","protected":false},"excerpt":{"rendered":"<p>Nouveaut\u00e9 \u00e0 l&rsquo;atelier !<\/p>\n","protected":false},"author":1,"featured_media":0,"parent":0,"menu_order":0,"comment_status":"closed","ping_status":"closed","template":"","meta":{"site-sidebar-layout":"default","site-content-layout":"","ast-site-content-layout":"default","site-content-style":"default","site-sidebar-style":"default","ast-global-header-display":"","ast-banner-title-visibility":"","ast-main-header-display":"","ast-hfb-above-header-display":"","ast-hfb-below-header-display":"","ast-hfb-mobile-header-display":"","site-post-title":"","ast-breadcrumbs-content":"","ast-featured-img":"","footer-sml-layout":"","theme-transparent-header-meta":"","adv-header-id-meta":"","stick-header-meta":"","header-above-stick-meta":"","header-main-stick-meta":"","header-below-stick-meta":"","astra-migrate-meta-layouts":"set","ast-page-background-enabled":"default","ast-page-background-meta":{"desktop":{"background-color":"var(--ast-global-color-4)","background-image":"","background-repeat":"repeat","background-position":"center center","background-size":"auto","background-attachment":"scroll","background-type":"","background-media":"","overlay-type":"","overlay-color":"","overlay-opacity":"","overlay-gradient":""},"tablet":{"background-color":"","background-image":"","background-repeat":"repeat","background-position":"center center","background-size":"auto","background-attachment":"scroll","background-type":"","background-media":"","overlay-type":"","overlay-color":"","overlay-opacity":"","overlay-gradient":""},"mobile":{"background-color":"","background-image":"","background-repeat":"repeat","background-position":"center center","background-size":"auto","background-attachment":"scroll","background-type":"","background-media":"","overlay-type":"","overlay-color":"","overlay-opacity":"","overlay-gradient":""}},"ast-content-background-meta":{"desktop":{"background-color":"var(--ast-global-color-5)","background-image":"","background-repeat":"repeat","background-position":"center center","background-size":"auto","background-attachment":"scroll","background-type":"","background-media":"","overlay-type":"","overlay-color":"","overlay-opacity":"","overlay-gradient":""},"tablet":{"background-color":"var(--ast-global-color-5)","background-image":"","background-repeat":"repeat","background-position":"center center","background-size":"auto","background-attachment":"scroll","background-type":"","background-media":"","overlay-type":"","overlay-color":"","overlay-opacity":"","overlay-gradient":""},"mobile":{"background-color":"var(--ast-global-color-5)","background-image":"","background-repeat":"repeat","background-position":"center center","background-size":"auto","background-attachment":"scroll","background-type":"","background-media":"","overlay-type":"","overlay-color":"","overlay-opacity":"","overlay-gradient":""}},"footnotes":""},"class_list":["post-1831","page","type-page","status-publish","hentry"],"yoast_head":"<!-- This site is optimized with the Yoast SEO plugin v24.0 - https:\/\/yoast.com\/wordpress\/plugins\/seo\/ -->\n<title>Clarinettes et bassons - Alexandre Po\u00e9not<\/title>\n<meta name=\"robots\" content=\"index, follow, max-snippet:-1, max-image-preview:large, max-video-preview:-1\" \/>\n<link rel=\"canonical\" href=\"https:\/\/alexandrepoenot.com\/\" \/>\n<meta property=\"og:locale\" content=\"fr_FR\" \/>\n<meta property=\"og:type\" content=\"article\" \/>\n<meta property=\"og:title\" content=\"Clarinettes et bassons - Alexandre Po\u00e9not\" \/>\n<meta property=\"og:description\" content=\"Nouveaut\u00e9 \u00e0 l&rsquo;atelier !\" \/>\n<meta property=\"og:url\" content=\"https:\/\/alexandrepoenot.com\/\" \/>\n<meta property=\"og:site_name\" content=\"Alexandre Po\u00e9not\" \/>\n<meta property=\"article:publisher\" content=\"https:\/\/www.facebook.com\/alexandrepoenot\" \/>\n<meta property=\"article:modified_time\" content=\"2026-03-13T15:41:32+00:00\" \/>\n<meta property=\"og:image\" content=\"https:\/\/alexandrepoenot.com\/wp-content\/uploads\/2026\/03\/Copie-de-Soccupe-maintenant-de-vos-Clarinettes-et-Bassons.png\" \/>\n\t<meta property=\"og:image:width\" content=\"638\" \/>\n\t<meta property=\"og:image:height\" content=\"892\" \/>\n\t<meta property=\"og:image:type\" content=\"image\/png\" \/>\n<meta name=\"twitter:card\" content=\"summary_large_image\" \/>\n<meta name=\"twitter:label1\" content=\"Dur\u00e9e de lecture estim\u00e9e\" \/>\n\t<meta name=\"twitter:data1\" content=\"1 minute\" \/>\n<script type=\"application\/ld+json\" class=\"yoast-schema-graph\">{\"@context\":\"https:\/\/schema.org\",\"@graph\":[{\"@type\":\"WebPage\",\"@id\":\"https:\/\/alexandrepoenot.com\/\",\"url\":\"https:\/\/alexandrepoenot.com\/\",\"name\":\"Clarinettes et bassons - Alexandre Po\u00e9not\",\"isPartOf\":{\"@id\":\"https:\/\/alexandrepoenot.com\/#website\"},\"primaryImageOfPage\":{\"@id\":\"https:\/\/alexandrepoenot.com\/#primaryimage\"},\"image\":{\"@id\":\"https:\/\/alexandrepoenot.com\/#primaryimage\"},\"thumbnailUrl\":\"https:\/\/alexandrepoenot.com\/wp-content\/uploads\/2026\/03\/Copie-de-Soccupe-maintenant-de-vos-Clarinettes-et-Bassons.png\",\"datePublished\":\"2026-03-13T15:41:30+00:00\",\"dateModified\":\"2026-03-13T15:41:32+00:00\",\"breadcrumb\":{\"@id\":\"https:\/\/alexandrepoenot.com\/#breadcrumb\"},\"inLanguage\":\"fr-FR\",\"potentialAction\":[{\"@type\":\"ReadAction\",\"target\":[\"https:\/\/alexandrepoenot.com\/\"]}]},{\"@type\":\"ImageObject\",\"inLanguage\":\"fr-FR\",\"@id\":\"https:\/\/alexandrepoenot.com\/#primaryimage\",\"url\":\"https:\/\/alexandrepoenot.com\/wp-content\/uploads\/2026\/03\/Copie-de-Soccupe-maintenant-de-vos-Clarinettes-et-Bassons.png\",\"contentUrl\":\"https:\/\/alexandrepoenot.com\/wp-content\/uploads\/2026\/03\/Copie-de-Soccupe-maintenant-de-vos-Clarinettes-et-Bassons.png\",\"width\":638,\"height\":892,\"caption\":\"R\u00e9paration, clarinettes, bassons\"},{\"@type\":\"BreadcrumbList\",\"@id\":\"https:\/\/alexandrepoenot.com\/#breadcrumb\",\"itemListElement\":[{\"@type\":\"ListItem\",\"position\":1,\"name\":\"Accueil\",\"item\":\"https:\/\/alexandrepoenot.com\/\"},{\"@type\":\"ListItem\",\"position\":2,\"name\":\"Clarinettes et bassons\"}]},{\"@type\":\"WebSite\",\"@id\":\"https:\/\/alexandrepoenot.com\/#website\",\"url\":\"https:\/\/alexandrepoenot.com\/\",\"name\":\"Alexandre Po\u00e9not\",\"description\":\"Sp\u00e9cialiste du hautbois \u00e0 Laval\",\"publisher\":{\"@id\":\"https:\/\/alexandrepoenot.com\/#organization\"},\"potentialAction\":[{\"@type\":\"SearchAction\",\"target\":{\"@type\":\"EntryPoint\",\"urlTemplate\":\"https:\/\/alexandrepoenot.com\/?s={search_term_string}\"},\"query-input\":{\"@type\":\"PropertyValueSpecification\",\"valueRequired\":true,\"valueName\":\"search_term_string\"}}],\"inLanguage\":\"fr-FR\"},{\"@type\":\"Organization\",\"@id\":\"https:\/\/alexandrepoenot.com\/#organization\",\"name\":\"Alexandre Po\u00e9not\",\"url\":\"https:\/\/alexandrepoenot.com\/\",\"logo\":{\"@type\":\"ImageObject\",\"inLanguage\":\"fr-FR\",\"@id\":\"https:\/\/alexandrepoenot.com\/#\/schema\/logo\/image\/\",\"url\":\"https:\/\/alexandrepoenot.com\/wp-content\/uploads\/2025\/01\/cropped-logo_V2_900.png\",\"contentUrl\":\"https:\/\/alexandrepoenot.com\/wp-content\/uploads\/2025\/01\/cropped-logo_V2_900.png\",\"width\":898,\"height\":899,\"caption\":\"Alexandre Po\u00e9not\"},\"image\":{\"@id\":\"https:\/\/alexandrepoenot.com\/#\/schema\/logo\/image\/\"},\"sameAs\":[\"https:\/\/www.facebook.com\/alexandrepoenot\",\"https:\/\/www.instagram.com\/alexandrepoenot\/\"]}]}<\/script>\n<!-- \/ Yoast SEO plugin. -->","yoast_head_json":{"title":"Clarinettes et bassons - Alexandre Po\u00e9not","robots":{"index":"index","follow":"follow","max-snippet":"max-snippet:-1","max-image-preview":"max-image-preview:large","max-video-preview":"max-video-preview:-1"},"canonical":"https:\/\/alexandrepoenot.com\/","og_locale":"fr_FR","og_type":"article","og_title":"Clarinettes et bassons - Alexandre Po\u00e9not","og_description":"Nouveaut\u00e9 \u00e0 l&rsquo;atelier !","og_url":"https:\/\/alexandrepoenot.com\/","og_site_name":"Alexandre Po\u00e9not","article_publisher":"https:\/\/www.facebook.com\/alexandrepoenot","article_modified_time":"2026-03-13T15:41:32+00:00","og_image":[{"width":638,"height":892,"url":"https:\/\/alexandrepoenot.com\/wp-content\/uploads\/2026\/03\/Copie-de-Soccupe-maintenant-de-vos-Clarinettes-et-Bassons.png","type":"image\/png"}],"twitter_card":"summary_large_image","twitter_misc":{"Dur\u00e9e de lecture estim\u00e9e":"1 minute"},"schema":{"@context":"https:\/\/schema.org","@graph":[{"@type":"WebPage","@id":"https:\/\/alexandrepoenot.com\/","url":"https:\/\/alexandrepoenot.com\/","name":"Clarinettes et bassons - Alexandre Po\u00e9not","isPartOf":{"@id":"https:\/\/alexandrepoenot.com\/#website"},"primaryImageOfPage":{"@id":"https:\/\/alexandrepoenot.com\/#primaryimage"},"image":{"@id":"https:\/\/alexandrepoenot.com\/#primaryimage"},"thumbnailUrl":"https:\/\/alexandrepoenot.com\/wp-content\/uploads\/2026\/03\/Copie-de-Soccupe-maintenant-de-vos-Clarinettes-et-Bassons.png","datePublished":"2026-03-13T15:41:30+00:00","dateModified":"2026-03-13T15:41:32+00:00","breadcrumb":{"@id":"https:\/\/alexandrepoenot.com\/#breadcrumb"},"inLanguage":"fr-FR","potentialAction":[{"@type":"ReadAction","target":["https:\/\/alexandrepoenot.com\/"]}]},{"@type":"ImageObject","inLanguage":"fr-FR","@id":"https:\/\/alexandrepoenot.com\/#primaryimage","url":"https:\/\/alexandrepoenot.com\/wp-content\/uploads\/2026\/03\/Copie-de-Soccupe-maintenant-de-vos-Clarinettes-et-Bassons.png","contentUrl":"https:\/\/alexandrepoenot.com\/wp-content\/uploads\/2026\/03\/Copie-de-Soccupe-maintenant-de-vos-Clarinettes-et-Bassons.png","width":638,"height":892,"caption":"R\u00e9paration, clarinettes, bassons"},{"@type":"BreadcrumbList","@id":"https:\/\/alexandrepoenot.com\/#breadcrumb","itemListElement":[{"@type":"ListItem","position":1,"name":"Accueil","item":"https:\/\/alexandrepoenot.com\/"},{"@type":"ListItem","position":2,"name":"Clarinettes et bassons"}]},{"@type":"WebSite","@id":"https:\/\/alexandrepoenot.com\/#website","url":"https:\/\/alexandrepoenot.com\/","name":"Alexandre Po\u00e9not","description":"Sp\u00e9cialiste du hautbois \u00e0 Laval","publisher":{"@id":"https:\/\/alexandrepoenot.com\/#organization"},"potentialAction":[{"@type":"SearchAction","target":{"@type":"EntryPoint","urlTemplate":"https:\/\/alexandrepoenot.com\/?s={search_term_string}"},"query-input":{"@type":"PropertyValueSpecification","valueRequired":true,"valueName":"search_term_string"}}],"inLanguage":"fr-FR"},{"@type":"Organization","@id":"https:\/\/alexandrepoenot.com\/#organization","name":"Alexandre Po\u00e9not","url":"https:\/\/alexandrepoenot.com\/","logo":{"@type":"ImageObject","inLanguage":"fr-FR","@id":"https:\/\/alexandrepoenot.com\/#\/schema\/logo\/image\/","url":"https:\/\/alexandrepoenot.com\/wp-content\/uploads\/2025\/01\/cropped-logo_V2_900.png","contentUrl":"https:\/\/alexandrepoenot.com\/wp-content\/uploads\/2025\/01\/cropped-logo_V2_900.png","width":898,"height":899,"caption":"Alexandre Po\u00e9not"},"image":{"@id":"https:\/\/alexandrepoenot.com\/#\/schema\/logo\/image\/"},"sameAs":["https:\/\/www.facebook.com\/alexandrepoenot","https:\/\/www.instagram.com\/alexandrepoenot\/"]}]}},"jetpack_sharing_enabled":true,"_links":{"self":[{"href":"https:\/\/alexandrepoenot.com\/index.php\/wp-json\/wp\/v2\/pages\/1831","targetHints":{"allow":["GET"]}}],"collection":[{"href":"https:\/\/alexandrepoenot.com\/index.php\/wp-json\/wp\/v2\/pages"}],"about":[{"href":"https:\/\/alexandrepoenot.com\/index.php\/wp-json\/wp\/v2\/types\/page"}],"author":[{"embeddable":true,"href":"https:\/\/alexandrepoenot.com\/index.php\/wp-json\/wp\/v2\/users\/1"}],"replies":[{"embeddable":true,"href":"https:\/\/alexandrepoenot.com\/index.php\/wp-json\/wp\/v2\/comments?post=1831"}],"version-history":[{"count":4,"href":"https:\/\/alexandrepoenot.com\/index.php\/wp-json\/wp\/v2\/pages\/1831\/revisions"}],"predecessor-version":[{"id":1836,"href":"https:\/\/alexandrepoenot.com\/index.php\/wp-json\/wp\/v2\/pages\/1831\/revisions\/1836"}],"wp:attachment":[{"href":"https:\/\/alexandrepoenot.com\/index.php\/wp-json\/wp\/v2\/media?parent=1831"}],"curies":[{"name":"wp","href":"https:\/\/api.w.org\/{rel}","templated":true}]}}