{"id":684,"date":"2021-12-17T11:59:23","date_gmt":"2021-12-17T10:59:23","guid":{"rendered":"https:\/\/alexandrepoenot.com\/?page_id=684"},"modified":"2022-05-13T09:45:21","modified_gmt":"2022-05-13T07:45:21","slug":"mentions-legales","status":"publish","type":"page","link":"https:\/\/alexandrepoenot.com\/index.php\/mentions-legales\/","title":{"rendered":"CGU"},"content":{"rendered":"<h1 style=\"text-align: center;\"><b>Conditions g\u00e9n\u00e9rales d&rsquo;utilisation<\/b><\/h1>\n<p style=\"text-align: center;\">En vigueur au 17\/12\/2021<\/p>\n<p>Les pr\u00e9sentes conditions g\u00e9n\u00e9rales d&rsquo;utilisation (dites \u00ab <b>CGU<\/b> \u00bb) ont pour objet l&rsquo;encadrement juridique des modalit\u00e9s de mise \u00e0 disposition du site et des services par Alexandre Po\u00e9not et de d\u00e9finir les conditions d\u2019acc\u00e8s et d\u2019utilisation des services par \u00ab <b>l&rsquo;utilisateur<\/b> \u00bb.<\/p>\n<p>Les pr\u00e9sentes CGU sont accessibles sur le site \u00e0 la rubrique \u00ab<b>CGU<\/b>\u00bb.<\/p>\n<h5><b>Article 1 : Les mentions l\u00e9gales<\/b><\/h5>\n<p>L\u2019\u00e9dition et la direction de la publication du site https:\/\/alexandrepoenot.com est assur\u00e9e par POENOT Alexandre EI.<\/p>\n<p>Adresse : 2 rue de Richebourg 72000 Le Mans.<\/p>\n<p>T\u00e9l\u00e9phone : +33 (0)6 72 07 49 32<\/p>\n<p>Mail : atelier@alexandrepoenot.com<\/p>\n<p>Num\u00e9ro d&rsquo;inscription au r\u00e9pertoire des m\u00e9tiers : 842 453 847 RM 72<\/p>\n<p>L&rsquo;h\u00e9bergeur du site est la soci\u00e9t\u00e9 Sas OVH, dont le si\u00e8ge social est situ\u00e9 au 2 rue Kellermann \u00e0 59100 ROUBAIX (France), avec le num\u00e9ro de t\u00e9l\u00e9phone : +33 (0)9 72 10 10 07.<\/p>\n<h5><b>ARTICLE 2 : Acc\u00e8s au site<\/b><\/h5>\n<p>Le site https:\/\/alexandrepoenot.com\u00a0 permet \u00e0 l&rsquo;Utilisateur un acc\u00e8s gratuit aux services suivants :<\/p>\n<p>Site vitrine<\/p>\n<p>Le site est accessible gratuitement en tout lieu \u00e0 tout utilisateur ayant un acc\u00e8s \u00e0 Internet. Tous les frais support\u00e9s par l&rsquo;utilisateur pour acc\u00e9der au service (mat\u00e9riel informatique, logiciels, connexion Internet, etc.) sont \u00e0 sa charge.<\/p>\n<h5><b>ARTICLE 3 : Collecte des donn\u00e9es<\/b><\/h5>\n<p>Le site est exempt\u00e9 de d\u00e9claration \u00e0 la Commission Nationale Informatique et Libert\u00e9s (CNIL) dans la mesure o\u00f9 il ne collecte aucune donn\u00e9e concernant les utilisateurs.<\/p>\n<h5><b>ARTICLE 4 : Propri\u00e9t\u00e9 intellectuelle<\/b><\/h5>\n<p>Les marques, logos, signes ainsi que tous les contenus du site (textes, images, son\u2026) font l&rsquo;objet d&rsquo;une protection par le Code de la propri\u00e9t\u00e9 intellectuelle et plus particuli\u00e8rement par le droit d&rsquo;auteur.<\/p>\n<p>L&rsquo;utilisateur doit solliciter l&rsquo;autorisation pr\u00e9alable du site pour toute reproduction, publication, copie des diff\u00e9rents contenus. Il s&rsquo;engage \u00e0 une utilisation des contenus du site dans un cadre strictement priv\u00e9, toute utilisation \u00e0 des fins commerciales et publicitaires est strictement interdite.<\/p>\n<p>Toute repr\u00e9sentation totale ou partielle de ce site par quelque proc\u00e9d\u00e9 que ce soit, sans l\u2019autorisation expresse de l\u2019exploitant du site Internet constituerait une contrefa\u00e7on sanctionn\u00e9e par l\u2019article L 335-2 et suivants du Code de la propri\u00e9t\u00e9 intellectuelle.<\/p>\n<p>Il est rappel\u00e9 conform\u00e9ment \u00e0 l\u2019article L122-5 du Code de propri\u00e9t\u00e9 intellectuelle que l\u2019utilisateur qui reproduit, copie ou publie le contenu prot\u00e9g\u00e9 doit citer l\u2019auteur et sa source.<\/p>\n<h5><b>ARTICLE 5 : Responsabilit\u00e9<\/b><\/h5>\n<p>Les sources des informations diffus\u00e9es sur le site https:\/\/alexandrepoenot.com sont r\u00e9put\u00e9es fiables mais le site ne garantit pas qu\u2019il soit exempt de d\u00e9fauts, d\u2019erreurs ou d\u2019omissions.<\/p>\n<p>Les informations communiqu\u00e9es sont pr\u00e9sent\u00e9es \u00e0 titre indicatif et g\u00e9n\u00e9ral sans valeur contractuelle. Malgr\u00e9 des mises \u00e0 jour r\u00e9guli\u00e8res, le site https:\/\/alexandrepoenot.com ne peut \u00eatre tenu responsable de la modification des dispositions administratives et juridiques survenant apr\u00e8s la publication. De m\u00eame, le site ne peut \u00eatre tenue responsable de l\u2019utilisation et de l\u2019interpr\u00e9tation de l\u2019information contenue dans ce site.<\/p>\n<p>Le site https:\/\/alexandrepoenot.com ne peut \u00eatre tenu pour responsable d\u2019\u00e9ventuels virus qui pourraient infecter l\u2019ordinateur ou tout mat\u00e9riel informatique de l\u2019Internaute, suite \u00e0 une utilisation, \u00e0 l\u2019acc\u00e8s, ou au t\u00e9l\u00e9chargement provenant de ce site.<\/p>\n<p>La responsabilit\u00e9 du site ne peut \u00eatre engag\u00e9e en cas de force majeure ou du fait impr\u00e9visible et insurmontable d&rsquo;un tiers.<\/p>\n<h5><b>ARTICLE 6 : Liens hypertextes<\/b><\/h5>\n<p>Des liens hypertextes peuvent \u00eatre pr\u00e9sents sur le site. L&rsquo;utilisateur est inform\u00e9 qu\u2019en cliquant sur ces liens, il sortira du site https:\/\/alexandrepoenot.com. Ce dernier n\u2019a pas de contr\u00f4le sur les pages web sur lesquelles aboutissent ces liens et ne saurait, en aucun cas, \u00eatre responsable de leur contenu.<\/p>\n<h5><b>ARTICLE 7 : Droit applicable et juridiction comp\u00e9tente<\/b><\/h5>\n<p>La l\u00e9gislation fran\u00e7aise s&rsquo;applique au pr\u00e9sent contrat. En cas d&rsquo;absence de r\u00e9solution amiable d&rsquo;un litige n\u00e9 entre les parties, les tribunaux fran\u00e7ais seront seuls comp\u00e9tents pour en conna\u00eetre.<\/p>\n<p>Pour toute question relative \u00e0 l\u2019application des pr\u00e9sentes CGU, vous pouvez joindre l\u2019\u00e9diteur aux coordonn\u00e9es inscrites \u00e0 l\u2019ARTICLE 1.<\/p>\n<p><em>CGU r\u00e9alis\u00e9es \u00e0 partir d\u2019un mod\u00e8le propos\u00e9 sur http:\/\/legalplace.fr\/<\/em><\/p>\n","protected":false},"excerpt":{"rendered":"<p>Conditions g\u00e9n\u00e9rales d&rsquo;utilisation En vigueur au 17\/12\/2021 Les pr\u00e9sentes conditions g\u00e9n\u00e9rales d&rsquo;utilisation (dites \u00ab CGU \u00bb) ont pour objet l&rsquo;encadrement juridique des modalit\u00e9s de mise \u00e0 disposition du site et des services par Alexandre Po\u00e9not et de d\u00e9finir les conditions d\u2019acc\u00e8s et d\u2019utilisation des services par \u00ab l&rsquo;utilisateur \u00bb. Les pr\u00e9sentes CGU sont accessibles sur [&hellip;]<\/p>\n","protected":false},"author":1,"featured_media":0,"parent":0,"menu_order":0,"comment_status":"closed","ping_status":"closed","template":"","meta":{"site-sidebar-layout":"default","site-content-layout":"","ast-site-content-layout":"","site-content-style":"default","site-sidebar-style":"default","ast-global-header-display":"","ast-banner-title-visibility":"","ast-main-header-display":"","ast-hfb-above-header-display":"","ast-hfb-below-header-display":"","ast-hfb-mobile-header-display":"","site-post-title":"","ast-breadcrumbs-content":"","ast-featured-img":"","footer-sml-layout":"","theme-transparent-header-meta":"","adv-header-id-meta":"","stick-header-meta":"","header-above-stick-meta":"","header-main-stick-meta":"","header-below-stick-meta":"","astra-migrate-meta-layouts":"default","ast-page-background-enabled":"default","ast-page-background-meta":{"desktop":{"background-color":"var(--ast-global-color-4)","background-image":"","background-repeat":"repeat","background-position":"center center","background-size":"auto","background-attachment":"scroll","background-type":"","background-media":"","overlay-type":"","overlay-color":"","overlay-opacity":"","overlay-gradient":""},"tablet":{"background-color":"","background-image":"","background-repeat":"repeat","background-position":"center center","background-size":"auto","background-attachment":"scroll","background-type":"","background-media":"","overlay-type":"","overlay-color":"","overlay-opacity":"","overlay-gradient":""},"mobile":{"background-color":"","background-image":"","background-repeat":"repeat","background-position":"center center","background-size":"auto","background-attachment":"scroll","background-type":"","background-media":"","overlay-type":"","overlay-color":"","overlay-opacity":"","overlay-gradient":""}},"ast-content-background-meta":{"desktop":{"background-color":"var(--ast-global-color-5)","background-image":"","background-repeat":"repeat","background-position":"center center","background-size":"auto","background-attachment":"scroll","background-type":"","background-media":"","overlay-type":"","overlay-color":"","overlay-opacity":"","overlay-gradient":""},"tablet":{"background-color":"var(--ast-global-color-5)","background-image":"","background-repeat":"repeat","background-position":"center center","background-size":"auto","background-attachment":"scroll","background-type":"","background-media":"","overlay-type":"","overlay-color":"","overlay-opacity":"","overlay-gradient":""},"mobile":{"background-color":"var(--ast-global-color-5)","background-image":"","background-repeat":"repeat","background-position":"center center","background-size":"auto","background-attachment":"scroll","background-type":"","background-media":"","overlay-type":"","overlay-color":"","overlay-opacity":"","overlay-gradient":""}},"footnotes":""},"class_list":["post-684","page","type-page","status-publish","hentry"],"yoast_head":"<!-- This site is optimized with the Yoast SEO plugin v24.0 - https:\/\/yoast.com\/wordpress\/plugins\/seo\/ -->\n<title>CGU - Alexandre Po\u00e9not<\/title>\n<meta name=\"robots\" content=\"index, follow, max-snippet:-1, max-image-preview:large, max-video-preview:-1\" \/>\n<link rel=\"canonical\" href=\"https:\/\/alexandrepoenot.com\/index.php\/mentions-legales\/\" \/>\n<meta property=\"og:locale\" content=\"fr_FR\" \/>\n<meta property=\"og:type\" content=\"article\" \/>\n<meta property=\"og:title\" content=\"CGU - Alexandre Po\u00e9not\" \/>\n<meta property=\"og:description\" content=\"Conditions g\u00e9n\u00e9rales d&rsquo;utilisation En vigueur au 17\/12\/2021 Les pr\u00e9sentes conditions g\u00e9n\u00e9rales d&rsquo;utilisation (dites \u00ab CGU \u00bb) ont pour objet l&rsquo;encadrement juridique des modalit\u00e9s de mise \u00e0 disposition du site et des services par Alexandre Po\u00e9not et de d\u00e9finir les conditions d\u2019acc\u00e8s et d\u2019utilisation des services par \u00ab l&rsquo;utilisateur \u00bb. Les pr\u00e9sentes CGU sont accessibles sur [&hellip;]\" \/>\n<meta property=\"og:url\" content=\"https:\/\/alexandrepoenot.com\/index.php\/mentions-legales\/\" \/>\n<meta property=\"og:site_name\" content=\"Alexandre Po\u00e9not\" \/>\n<meta property=\"article:publisher\" content=\"https:\/\/www.facebook.com\/alexandrepoenot\" \/>\n<meta property=\"article:modified_time\" content=\"2022-05-13T07:45:21+00:00\" \/>\n<meta name=\"twitter:card\" content=\"summary_large_image\" \/>\n<meta name=\"twitter:label1\" content=\"Dur\u00e9e de lecture estim\u00e9e\" \/>\n\t<meta name=\"twitter:data1\" content=\"4 minutes\" \/>\n<script type=\"application\/ld+json\" class=\"yoast-schema-graph\">{\"@context\":\"https:\/\/schema.org\",\"@graph\":[{\"@type\":\"WebPage\",\"@id\":\"https:\/\/alexandrepoenot.com\/index.php\/mentions-legales\/\",\"url\":\"https:\/\/alexandrepoenot.com\/index.php\/mentions-legales\/\",\"name\":\"CGU - Alexandre Po\u00e9not\",\"isPartOf\":{\"@id\":\"https:\/\/alexandrepoenot.com\/#website\"},\"datePublished\":\"2021-12-17T10:59:23+00:00\",\"dateModified\":\"2022-05-13T07:45:21+00:00\",\"breadcrumb\":{\"@id\":\"https:\/\/alexandrepoenot.com\/index.php\/mentions-legales\/#breadcrumb\"},\"inLanguage\":\"fr-FR\",\"potentialAction\":[{\"@type\":\"ReadAction\",\"target\":[\"https:\/\/alexandrepoenot.com\/index.php\/mentions-legales\/\"]}]},{\"@type\":\"BreadcrumbList\",\"@id\":\"https:\/\/alexandrepoenot.com\/index.php\/mentions-legales\/#breadcrumb\",\"itemListElement\":[{\"@type\":\"ListItem\",\"position\":1,\"name\":\"Accueil\",\"item\":\"https:\/\/alexandrepoenot.com\/\"},{\"@type\":\"ListItem\",\"position\":2,\"name\":\"CGU\"}]},{\"@type\":\"WebSite\",\"@id\":\"https:\/\/alexandrepoenot.com\/#website\",\"url\":\"https:\/\/alexandrepoenot.com\/\",\"name\":\"Alexandre Po\u00e9not\",\"description\":\"Sp\u00e9cialiste du hautbois \u00e0 Laval\",\"publisher\":{\"@id\":\"https:\/\/alexandrepoenot.com\/#organization\"},\"potentialAction\":[{\"@type\":\"SearchAction\",\"target\":{\"@type\":\"EntryPoint\",\"urlTemplate\":\"https:\/\/alexandrepoenot.com\/?s={search_term_string}\"},\"query-input\":{\"@type\":\"PropertyValueSpecification\",\"valueRequired\":true,\"valueName\":\"search_term_string\"}}],\"inLanguage\":\"fr-FR\"},{\"@type\":\"Organization\",\"@id\":\"https:\/\/alexandrepoenot.com\/#organization\",\"name\":\"Alexandre Po\u00e9not\",\"url\":\"https:\/\/alexandrepoenot.com\/\",\"logo\":{\"@type\":\"ImageObject\",\"inLanguage\":\"fr-FR\",\"@id\":\"https:\/\/alexandrepoenot.com\/#\/schema\/logo\/image\/\",\"url\":\"https:\/\/alexandrepoenot.com\/wp-content\/uploads\/2025\/01\/cropped-logo_V2_900.png\",\"contentUrl\":\"https:\/\/alexandrepoenot.com\/wp-content\/uploads\/2025\/01\/cropped-logo_V2_900.png\",\"width\":898,\"height\":899,\"caption\":\"Alexandre Po\u00e9not\"},\"image\":{\"@id\":\"https:\/\/alexandrepoenot.com\/#\/schema\/logo\/image\/\"},\"sameAs\":[\"https:\/\/www.facebook.com\/alexandrepoenot\",\"https:\/\/www.instagram.com\/alexandrepoenot\/\"]}]}<\/script>\n<!-- \/ Yoast SEO plugin. -->","yoast_head_json":{"title":"CGU - Alexandre Po\u00e9not","robots":{"index":"index","follow":"follow","max-snippet":"max-snippet:-1","max-image-preview":"max-image-preview:large","max-video-preview":"max-video-preview:-1"},"canonical":"https:\/\/alexandrepoenot.com\/index.php\/mentions-legales\/","og_locale":"fr_FR","og_type":"article","og_title":"CGU - Alexandre Po\u00e9not","og_description":"Conditions g\u00e9n\u00e9rales d&rsquo;utilisation En vigueur au 17\/12\/2021 Les pr\u00e9sentes conditions g\u00e9n\u00e9rales d&rsquo;utilisation (dites \u00ab CGU \u00bb) ont pour objet l&rsquo;encadrement juridique des modalit\u00e9s de mise \u00e0 disposition du site et des services par Alexandre Po\u00e9not et de d\u00e9finir les conditions d\u2019acc\u00e8s et d\u2019utilisation des services par \u00ab l&rsquo;utilisateur \u00bb. Les pr\u00e9sentes CGU sont accessibles sur [&hellip;]","og_url":"https:\/\/alexandrepoenot.com\/index.php\/mentions-legales\/","og_site_name":"Alexandre Po\u00e9not","article_publisher":"https:\/\/www.facebook.com\/alexandrepoenot","article_modified_time":"2022-05-13T07:45:21+00:00","twitter_card":"summary_large_image","twitter_misc":{"Dur\u00e9e de lecture estim\u00e9e":"4 minutes"},"schema":{"@context":"https:\/\/schema.org","@graph":[{"@type":"WebPage","@id":"https:\/\/alexandrepoenot.com\/index.php\/mentions-legales\/","url":"https:\/\/alexandrepoenot.com\/index.php\/mentions-legales\/","name":"CGU - Alexandre Po\u00e9not","isPartOf":{"@id":"https:\/\/alexandrepoenot.com\/#website"},"datePublished":"2021-12-17T10:59:23+00:00","dateModified":"2022-05-13T07:45:21+00:00","breadcrumb":{"@id":"https:\/\/alexandrepoenot.com\/index.php\/mentions-legales\/#breadcrumb"},"inLanguage":"fr-FR","potentialAction":[{"@type":"ReadAction","target":["https:\/\/alexandrepoenot.com\/index.php\/mentions-legales\/"]}]},{"@type":"BreadcrumbList","@id":"https:\/\/alexandrepoenot.com\/index.php\/mentions-legales\/#breadcrumb","itemListElement":[{"@type":"ListItem","position":1,"name":"Accueil","item":"https:\/\/alexandrepoenot.com\/"},{"@type":"ListItem","position":2,"name":"CGU"}]},{"@type":"WebSite","@id":"https:\/\/alexandrepoenot.com\/#website","url":"https:\/\/alexandrepoenot.com\/","name":"Alexandre Po\u00e9not","description":"Sp\u00e9cialiste du hautbois \u00e0 Laval","publisher":{"@id":"https:\/\/alexandrepoenot.com\/#organization"},"potentialAction":[{"@type":"SearchAction","target":{"@type":"EntryPoint","urlTemplate":"https:\/\/alexandrepoenot.com\/?s={search_term_string}"},"query-input":{"@type":"PropertyValueSpecification","valueRequired":true,"valueName":"search_term_string"}}],"inLanguage":"fr-FR"},{"@type":"Organization","@id":"https:\/\/alexandrepoenot.com\/#organization","name":"Alexandre Po\u00e9not","url":"https:\/\/alexandrepoenot.com\/","logo":{"@type":"ImageObject","inLanguage":"fr-FR","@id":"https:\/\/alexandrepoenot.com\/#\/schema\/logo\/image\/","url":"https:\/\/alexandrepoenot.com\/wp-content\/uploads\/2025\/01\/cropped-logo_V2_900.png","contentUrl":"https:\/\/alexandrepoenot.com\/wp-content\/uploads\/2025\/01\/cropped-logo_V2_900.png","width":898,"height":899,"caption":"Alexandre Po\u00e9not"},"image":{"@id":"https:\/\/alexandrepoenot.com\/#\/schema\/logo\/image\/"},"sameAs":["https:\/\/www.facebook.com\/alexandrepoenot","https:\/\/www.instagram.com\/alexandrepoenot\/"]}]}},"jetpack_sharing_enabled":true,"_links":{"self":[{"href":"https:\/\/alexandrepoenot.com\/index.php\/wp-json\/wp\/v2\/pages\/684","targetHints":{"allow":["GET"]}}],"collection":[{"href":"https:\/\/alexandrepoenot.com\/index.php\/wp-json\/wp\/v2\/pages"}],"about":[{"href":"https:\/\/alexandrepoenot.com\/index.php\/wp-json\/wp\/v2\/types\/page"}],"author":[{"embeddable":true,"href":"https:\/\/alexandrepoenot.com\/index.php\/wp-json\/wp\/v2\/users\/1"}],"replies":[{"embeddable":true,"href":"https:\/\/alexandrepoenot.com\/index.php\/wp-json\/wp\/v2\/comments?post=684"}],"version-history":[{"count":9,"href":"https:\/\/alexandrepoenot.com\/index.php\/wp-json\/wp\/v2\/pages\/684\/revisions"}],"predecessor-version":[{"id":1407,"href":"https:\/\/alexandrepoenot.com\/index.php\/wp-json\/wp\/v2\/pages\/684\/revisions\/1407"}],"wp:attachment":[{"href":"https:\/\/alexandrepoenot.com\/index.php\/wp-json\/wp\/v2\/media?parent=684"}],"curies":[{"name":"wp","href":"https:\/\/api.w.org\/{rel}","templated":true}]}}